{"id":1088,"date":"2021-09-22T18:08:39","date_gmt":"2021-09-22T18:08:39","guid":{"rendered":"https:\/\/udruga-impress.hr\/?page_id=1088"},"modified":"2021-09-23T09:12:02","modified_gmt":"2021-09-23T09:12:02","slug":"nabava","status":"publish","type":"page","link":"https:\/\/udruga-impress.hr\/en\/nabava\/","title":{"rendered":"PURCHASE"},"content":{"rendered":"<p><strong>Na ovom dijelu stranice mo\u017eete prona\u0107i informacije vezane uz nabavu usluga i roba koje \u0107e provoditi Udruga za promicanje pozitivne afirmacije mladih u dru\u0161tvu \u201eImpress\u201c Daruvar<\/strong><\/p>\n<p>&nbsp;<\/p>\n<p><span style=\"text-decoration: underline;\"><strong>LISTA NABAVE:<\/strong><\/span><\/p>\n<ol>\n<li>Nabava radova &#8211; Ku\u0107a Mogu\u0107nosti &#8211; Ivana Zajca 3, 43500 Daruvar<\/li>\n<\/ol>\n<p>&nbsp;<\/p>\n<p>&nbsp;<\/p>","protected":false},"excerpt":{"rendered":"<p>Na ovom dijelu stranice mo\u017eete prona\u0107i informacije vezane uz nabavu usluga i roba koje \u0107e provoditi Udruga za promicanje pozitivne afirmacije mladih u dru\u0161tvu \u201eImpress\u201c Daruvar &nbsp; LISTA NABAVE: Nabava radova &#8211; Ku\u0107a Mogu\u0107nosti &#8211; Ivana Zajca 3, 43500 Daruvar &nbsp; &nbsp;<\/p>","protected":false},"author":1,"featured_media":0,"parent":0,"menu_order":0,"comment_status":"closed","ping_status":"closed","template":"","meta":{"footnotes":""},"class_list":["post-1088","page","type-page","status-publish","hentry"],"_links":{"self":[{"href":"https:\/\/udruga-impress.hr\/en\/wp-json\/wp\/v2\/pages\/1088","targetHints":{"allow":["GET"]}}],"collection":[{"href":"https:\/\/udruga-impress.hr\/en\/wp-json\/wp\/v2\/pages"}],"about":[{"href":"https:\/\/udruga-impress.hr\/en\/wp-json\/wp\/v2\/types\/page"}],"author":[{"embeddable":true,"href":"https:\/\/udruga-impress.hr\/en\/wp-json\/wp\/v2\/users\/1"}],"replies":[{"embeddable":true,"href":"https:\/\/udruga-impress.hr\/en\/wp-json\/wp\/v2\/comments?post=1088"}],"version-history":[{"count":7,"href":"https:\/\/udruga-impress.hr\/en\/wp-json\/wp\/v2\/pages\/1088\/revisions"}],"predecessor-version":[{"id":1111,"href":"https:\/\/udruga-impress.hr\/en\/wp-json\/wp\/v2\/pages\/1088\/revisions\/1111"}],"wp:attachment":[{"href":"https:\/\/udruga-impress.hr\/en\/wp-json\/wp\/v2\/media?parent=1088"}],"curies":[{"name":"wp","href":"https:\/\/api.w.org\/{rel}","templated":true}]}}