{"id":464,"date":"2020-04-22T15:30:13","date_gmt":"2020-04-22T15:30:13","guid":{"rendered":"https:\/\/udruga-impress.hr\/?page_id=464"},"modified":"2020-05-02T14:00:46","modified_gmt":"2020-05-02T14:00:46","slug":"o-nama","status":"publish","type":"page","link":"https:\/\/udruga-impress.hr\/en\/o-nama\/","title":{"rendered":"ABOUT US"},"content":{"rendered":"<h2>Who are we? Little Blue! Little green! Let's meet!<\/h2>\n<p><img fetchpriority=\"high\" decoding=\"async\" class=\"alignnone wp-image-703 size-large\" src=\"https:\/\/udruga-impress.hr\/wp-content\/uploads\/2020\/04\/avatar-1024x270.png\" alt=\"\" width=\"750\" height=\"198\" \/><\/p>\n<p style=\"text-align: justify;\">We are Impress Daruvar, Association for promoting positive affirmation of youth in society \"Impress\" Daruvar. We started operating in 2006 as a project within the \"Croatian Association for Culture and Arts\", and as an independent association we have been operating since 2009 in the area of Daruvar, but soon expanded our operations to the whole of Croatia. Our volunteers come from different parts of Croatia and the world and are actively involved in the work of the Impress Association.<\/p>\n<p style=\"text-align: justify;\">The vision of our association is to gather as many enthusiasts who are eager to meet new people, engage in various activities and spend quality time. Through numerous formal and non-formal education activities, by gathering new knowledge, skills and experiences, we want to change the community and help each young person fulfill their potential.<\/p>\n<p style=\"text-align: justify;\">We are assisted by our volunteers, who are also drawn to the desire for new experiences, creating opportunities for positive change in their community and personal development.<\/p>\n<p style=\"text-align: justify;\">Our mission is to bring together as many young people as possible and to positively direct them towards their work and society. We believe that through work and desire for personal development, everyone can get the opportunity to realize their dreams and goals in life.<\/p>\n<p>&nbsp;<\/p>\n<p style=\"text-align: center;\"><strong><em>\u201cYoung people are creative, big, successful and capable<\/em><\/strong><br \/>\n<strong><em>if we let them to be, if we let them<\/em><\/strong><br \/>\n<strong><em>learning from their own interest!<\/em><\/strong><br \/>\n<strong><em>To provide them with an environment that provides them with no coercion<\/em><\/strong><br \/>\n<strong><em>development is a big step in creation<\/em><\/strong><br \/>\n<strong><em>happy and capable individuals who are in<\/em><\/strong><br \/>\n<strong><em>opportunities constructive, quality and<\/em><\/strong><br \/>\n<strong><em>to participate innovatively in<\/em><\/strong><br \/>\n<strong><em>building society. \u201d<\/em><\/strong><\/p>\n<p>&nbsp;<\/p>\n<p><strong>Tanja Herceg, MPsych, PhD student<\/strong>, president of association<\/p>\n<p>&nbsp;<\/p>","protected":false},"excerpt":{"rendered":"<p>Tko smo mi? Mali plavi! Mali zeleni! Upoznajmo se! Mi smo \u201eImpress Daruvar\u201c, udruga za promicanje pozitivne afirmacije mladih u dru\u0161tvu. Zapo\u010deli smo s radom davne 2006. godine kao projekt u sklopu \u201cHrvatske udruge za kulturu i umjetnost\u201d, a kao samostalna udruga djelujemo od 2009.\u00a0na podru\u010dju Daruvara, me\u0111utim ubrzo smo pro\u0161irili svoje djelovanje na cijelu [&hellip;]<\/p>\n","protected":false},"author":1,"featured_media":0,"parent":0,"menu_order":0,"comment_status":"closed","ping_status":"closed","template":"","meta":{"footnotes":""},"class_list":["post-464","page","type-page","status-publish","hentry"],"_links":{"self":[{"href":"https:\/\/udruga-impress.hr\/en\/wp-json\/wp\/v2\/pages\/464","targetHints":{"allow":["GET"]}}],"collection":[{"href":"https:\/\/udruga-impress.hr\/en\/wp-json\/wp\/v2\/pages"}],"about":[{"href":"https:\/\/udruga-impress.hr\/en\/wp-json\/wp\/v2\/types\/page"}],"author":[{"embeddable":true,"href":"https:\/\/udruga-impress.hr\/en\/wp-json\/wp\/v2\/users\/1"}],"replies":[{"embeddable":true,"href":"https:\/\/udruga-impress.hr\/en\/wp-json\/wp\/v2\/comments?post=464"}],"version-history":[{"count":6,"href":"https:\/\/udruga-impress.hr\/en\/wp-json\/wp\/v2\/pages\/464\/revisions"}],"predecessor-version":[{"id":788,"href":"https:\/\/udruga-impress.hr\/en\/wp-json\/wp\/v2\/pages\/464\/revisions\/788"}],"wp:attachment":[{"href":"https:\/\/udruga-impress.hr\/en\/wp-json\/wp\/v2\/media?parent=464"}],"curies":[{"name":"wp","href":"https:\/\/api.w.org\/{rel}","templated":true}]}}