{"id":496,"date":"2020-04-22T15:32:22","date_gmt":"2020-04-22T15:32:22","guid":{"rendered":"https:\/\/udruga-impress.hr\/?page_id=496"},"modified":"2020-05-02T14:03:08","modified_gmt":"2020-05-02T14:03:08","slug":"tim","status":"publish","type":"page","link":"https:\/\/udruga-impress.hr\/en\/o-nama\/tim\/","title":{"rendered":"TEAM"},"content":{"rendered":"<p><img fetchpriority=\"high\" decoding=\"async\" class=\"alignnone size-full wp-image-717\" src=\"https:\/\/udruga-impress.hr\/wp-content\/uploads\/2020\/04\/people-2569234_1280-e1587604832479.jpg\" alt=\"\" width=\"1280\" height=\"531\" \/><\/p>\n<p style=\"text-align: justify;\">Tim ljudi koji vodi udrugu Impress sastoji se od mladih stru\u010dnjaka (youthworkera) s dugogodi\u0161njim iskustvom u neprofitnom sektoru i sektoru mladih. Ujedno neki od nas su profesori na faklutetima, neki lije\u010dnici, neki glazbenici, neki piloti ima nas iz razli\u010ditih struka a sve nas ve\u017ee ista nit vodilja, pru\u017eiti svima jednake mogu\u0107nosti i podr\u0161ku u osobnom razvoju.<\/p>\n<p>Udrugu od osnivanja vodi kao predsjednica idejna za\u010detnica i osniva\u010dica udruge Tanja Herceg.<\/p>\n<p>&nbsp;<\/p>\n<p><strong>UPRAVNI ODBOR:<\/strong><\/p>\n<p><strong>Tanja Herceg, MPsych, PhD studentica,\u00a0<\/strong>predsjednica udruge<\/p>\n<p><strong>Vladimir Kere\u010deni,\u00a0<\/strong>dopredsjednik<\/p>\n<p><strong>Dubravko \u0160opar,\u00a0<\/strong>izvr\u0161ni direktor<\/p>\n<p>&nbsp;<\/p>\n<p><strong>PRO\u0160LI SAZIV:<\/strong><\/p>\n<p><strong>Tanja Herceg, MPsych, PhD studentica,\u00a0<\/strong>predsjednica udruge<\/p>\n<p>Lorena Valenti\u0107-\u017darkovi\u0107, dopredsjednica<\/p>\n<p>Darko Podkraj\u0161ek, dopredsjednik<\/p>","protected":false},"excerpt":{"rendered":"<p>Tim ljudi koji vodi udrugu Impress sastoji se od mladih stru\u010dnjaka (youthworkera) s dugogodi\u0161njim iskustvom u neprofitnom sektoru i sektoru mladih. Ujedno neki od nas su profesori na faklutetima, neki lije\u010dnici, neki glazbenici, neki piloti ima nas iz razli\u010ditih struka a sve nas ve\u017ee ista nit vodilja, pru\u017eiti svima jednake mogu\u0107nosti i podr\u0161ku u osobnom [&hellip;]<\/p>\n","protected":false},"author":1,"featured_media":0,"parent":464,"menu_order":0,"comment_status":"closed","ping_status":"closed","template":"","meta":{"footnotes":""},"class_list":["post-496","page","type-page","status-publish","hentry"],"_links":{"self":[{"href":"https:\/\/udruga-impress.hr\/en\/wp-json\/wp\/v2\/pages\/496","targetHints":{"allow":["GET"]}}],"collection":[{"href":"https:\/\/udruga-impress.hr\/en\/wp-json\/wp\/v2\/pages"}],"about":[{"href":"https:\/\/udruga-impress.hr\/en\/wp-json\/wp\/v2\/types\/page"}],"author":[{"embeddable":true,"href":"https:\/\/udruga-impress.hr\/en\/wp-json\/wp\/v2\/users\/1"}],"replies":[{"embeddable":true,"href":"https:\/\/udruga-impress.hr\/en\/wp-json\/wp\/v2\/comments?post=496"}],"version-history":[{"count":10,"href":"https:\/\/udruga-impress.hr\/en\/wp-json\/wp\/v2\/pages\/496\/revisions"}],"predecessor-version":[{"id":793,"href":"https:\/\/udruga-impress.hr\/en\/wp-json\/wp\/v2\/pages\/496\/revisions\/793"}],"up":[{"embeddable":true,"href":"https:\/\/udruga-impress.hr\/en\/wp-json\/wp\/v2\/pages\/464"}],"wp:attachment":[{"href":"https:\/\/udruga-impress.hr\/en\/wp-json\/wp\/v2\/media?parent=496"}],"curies":[{"name":"wp","href":"https:\/\/api.w.org\/{rel}","templated":true}]}}