{"id":498,"date":"2020-04-22T15:32:36","date_gmt":"2020-04-22T15:32:36","guid":{"rendered":"https:\/\/udruga-impress.hr\/?page_id=498"},"modified":"2020-05-02T14:02:52","modified_gmt":"2020-05-02T14:02:52","slug":"povijest-udruge","status":"publish","type":"page","link":"https:\/\/udruga-impress.hr\/en\/o-nama\/povijest-udruge\/","title":{"rendered":"ASSOCIATION HISTORY"},"content":{"rendered":"<p><img fetchpriority=\"high\" decoding=\"async\" class=\"alignnone wp-image-711 size-full\" src=\"https:\/\/udruga-impress.hr\/wp-content\/uploads\/2020\/04\/light-4297386_1280.jpg\" alt=\"\" width=\"1280\" height=\"719\" \/><\/p>\n<p style=\"text-align: justify;\">Udruga za promicanje pozitivne afirmacije mladih u dru\u0161tvu \u201eImpress\u201c Daruvar je udruga koja je osnovana 2010. godine, a neformalno postoji od 2008. godine kao projekt Impress koji je zapo\u010deo kroz Humanitarni program prikupljanja sredstava za udrugu za djecu oboljelu od malignih bolesti u organizaciji Tanje Herceg.<\/p>\n<p style=\"text-align: justify;\">Udruga je od samih po\u010detaka volonterska te okuplja brojne entuzijaste i volontere koji \u017eele pozitivno utjecati na zajednicu u kojoj se nalaze. Kroz razvoj aktivnosti i \u0161irenjem djelovanja kroz projekte zaposleno je nekoliko osoba stru\u010dnjaka u svojim podru\u010djima. Udruga djeluje u 5 gradova u Hrvatskoj: Zagrebu, Daruvar, Bjelovar, Pakracu i Gare\u0161nici, a kroz razli\u010dite projekte sura\u0111uje i s brojnim drugim gradovima te kroz svoje programe i neformalnu edukaciju okuplja djecu i mlade iz cijele Hrvatske, susjednih zemalja ali i cijelog svijeta. Udruga i ima svoje predstavnike u razli\u010ditim Savjetima mladih kao \u0161to su Savjet za mlade Vlade Republike Hrvatske (tre\u0107i mandat), \u017dupanijski savjet za mlade, Savjet za mlade grada Daruvara te su istaknuti \u010dlanovi razli\u010ditih Vije\u0107a u\u010denika ujedno \u010dlanovi udruge Impress.<\/p>\n<p style=\"text-align: justify;\">Udruga iza sebe ima brojne samoinicirane projekte s velikim brojem partnera kao \u0161to su: Me\u0111unarodni tjedan mladih koja se odr\u017eava i 10. godinu za redom a okuplja mlade na temama kao \u0161to su demokracija, glas mladih u dru\u0161tvu, predrasude, kreativnost, demokracija, ljudska prava te djeca i mladi zajedno na ljetnom edukacijskom kampu prolaze kroz neformalnu edukaciju i pripremaju zajedni\u010dki program i aktivnosti za sve gra\u0111ane. Jo\u0161 jedan projekt udruge Impress koji je 10 godina za redom iskazao veliki uspjeh je i Me\u0111unarodni tjedan zdravlja koji udruga organizira u suradnji sa udrugom studenata medicine CroMsic te su na istom partneri i \u0160kola narodnog zdravlja Andrija \u0160tampar, Hrvatski zavod za zdravstveno osiguranje, Specijalna bolnica za medicinsku rehabilitaciju Lipik, Neuropsihijatrijska bolnica \u201eDr. Ivo Barbot\u201c Popova\u010da, Bjelovarsko-bilogorska \u017eupanija, Grad Daruvar, Grad Bjelovar, Grad Petrinja te kroz Tjedan zdravlja ugo\u0161\u0107uje brojne stru\u010dnjake, okuplja brojne studente i u\u010denike medicinske struke.<\/p>\n<p style=\"text-align: justify;\">Daljnji zna\u010dajni projekti su i: Legenda o jeseni, Mala zimska avantura, U\u010denje francuskog s izvornim govornikom kroz igru, Humanitarna bo\u017ei\u0107na pri\u010da udruge Impress, Radna akcija \u010di\u0161\u0107enja Vranjevine, \u201eImpresivni Casper\u201c-amaterska pomo\u0107 i podr\u0161ka vr\u0161njacima, Neka u\u010denje ne bude mu\u010denje-poduka za u\u010denike svih uzrasta, Tvornica ideja-zajedni\u010dko osmi\u0161ljavanje novih gra\u0111anskih akcija, Me\u0111unarodni dan srednjo\u0161kolaca koji je projekt u suradnji s Bjelovarsko-bilogorskom \u017eupanijom, Vije\u0107em u\u010denika BB\u017d, zatim Ku\u0107a mogu\u0107nosti kroz koju okuplja studente, u\u010denike i mlade na svim aktivnostima i sekcijama te stvara prostor koji je sigurno ozra\u010dje za svu djecu i mlade koji taj prostor sami kreiraju sukladno vlastitim \u017eeljama, a neke od aktivnosti koje im se nude su: kreativna sekcija, modno edukativna, humanitarna, sportska, samoobrana, ma\u017eoretkinje, ples, glazbena, studentska, volonterska, organizacijska, razmjene i brojne druge aktivnosti sukladno potrebama i \u017eeljama djece i mladih.<\/p>\n<p style=\"text-align: justify;\">Mladi mogu i sami inicirati i voditi razne aktivnosti te se isku\u0161ati u vje\u0161tinama vo\u0111enja kroz mentorstvo i stalnu podr\u0161ku.<\/p>\n<p style=\"text-align: justify;\">Udruga je inicirana i u potpunosti realizirana od strane mladih za mlade bez ikakve financijske i logisti\u010dke potpore i samo s dobrom i velikom voljom mladih entuzijasta koji su se kroz svoje projekte, odgovornost i programe dokazali, a pod vodstvom je predsjednice udruge i idejne za\u010detnice Tanje Herceg i Izvr\u0161nog direktora Dubravka \u0160opara koji prepoznaju i potpora su brojnim daljnjim talentiranim mladima.<\/p>\n<p style=\"text-align: justify;\">Svi smo bili volonteri te su se tro\u0161kovi ve\u0107inom financirali privatnim donacijama. U svojim po\u010detcima, iako vrlo aktivni mladi s jasnim vizijama, mladi nisu bili adekvatno prepoznati no to ih nije sprije\u010dilo u upornosti i entuzijazmu koji su bili spremni pridati svakoj iniciranoj aktivnosti.<\/p>\n<p style=\"text-align: justify;\">Naravno kroz aktivan rad stigli su i brojni rezultati, a na\u0161i projekti dobili su i profesionalne voditelje te smo uz financijsku podr\u0161ku Europske Unije, Republike Hrvatske, razli\u010ditih ministarstava i Nacionalne zaklade za razvoj civilnog dru\u0161tva svoj rad podigli na jo\u0161 vi\u0161u razinu.<\/p>\n<p style=\"text-align: justify;\">Na\u0161 trud je nagra\u0111en i brojnim nagradama a najvi\u0161e smo ponosni na nagradu za najbolji nacionalni projekt dobivenu od zaklade Karlo Veliki iz Aachena u sklopu dodjele nagrade European Charlemagne youth prize 2016. godine za projekt Me\u0111unarodni Tjedan Mladih.<\/p>","protected":false},"excerpt":{"rendered":"<p>Udruga za promicanje pozitivne afirmacije mladih u dru\u0161tvu \u201eImpress\u201c Daruvar je udruga koja je osnovana 2010. godine, a neformalno postoji od 2008. godine kao projekt Impress koji je zapo\u010deo kroz Humanitarni program prikupljanja sredstava za udrugu za djecu oboljelu od malignih bolesti u organizaciji Tanje Herceg. Udruga je od samih po\u010detaka volonterska te okuplja brojne [&hellip;]<\/p>\n","protected":false},"author":1,"featured_media":0,"parent":464,"menu_order":0,"comment_status":"closed","ping_status":"closed","template":"","meta":{"footnotes":""},"class_list":["post-498","page","type-page","status-publish","hentry"],"_links":{"self":[{"href":"https:\/\/udruga-impress.hr\/en\/wp-json\/wp\/v2\/pages\/498","targetHints":{"allow":["GET"]}}],"collection":[{"href":"https:\/\/udruga-impress.hr\/en\/wp-json\/wp\/v2\/pages"}],"about":[{"href":"https:\/\/udruga-impress.hr\/en\/wp-json\/wp\/v2\/types\/page"}],"author":[{"embeddable":true,"href":"https:\/\/udruga-impress.hr\/en\/wp-json\/wp\/v2\/users\/1"}],"replies":[{"embeddable":true,"href":"https:\/\/udruga-impress.hr\/en\/wp-json\/wp\/v2\/comments?post=498"}],"version-history":[{"count":8,"href":"https:\/\/udruga-impress.hr\/en\/wp-json\/wp\/v2\/pages\/498\/revisions"}],"predecessor-version":[{"id":792,"href":"https:\/\/udruga-impress.hr\/en\/wp-json\/wp\/v2\/pages\/498\/revisions\/792"}],"up":[{"embeddable":true,"href":"https:\/\/udruga-impress.hr\/en\/wp-json\/wp\/v2\/pages\/464"}],"wp:attachment":[{"href":"https:\/\/udruga-impress.hr\/en\/wp-json\/wp\/v2\/media?parent=498"}],"curies":[{"name":"wp","href":"https:\/\/api.w.org\/{rel}","templated":true}]}}