{"id":502,"date":"2020-04-22T15:33:01","date_gmt":"2020-04-22T15:33:01","guid":{"rendered":"https:\/\/udruga-impress.hr\/?page_id=502"},"modified":"2026-03-31T22:05:53","modified_gmt":"2026-03-31T22:05:53","slug":"dokumenti","status":"publish","type":"page","link":"https:\/\/udruga-impress.hr\/en\/o-nama\/dokumenti\/","title":{"rendered":"DOCUMENTS"},"content":{"rendered":"<p><img fetchpriority=\"high\" decoding=\"async\" class=\"alignnone size-full wp-image-721\" src=\"https:\/\/udruga-impress.hr\/wp-content\/uploads\/2020\/04\/archive-1850170_1280-e1587604985249.jpg\" alt=\"\" width=\"1280\" height=\"393\" \/><\/p>\n<p><strong>IST<\/strong><strong>RA\u017dIVANJA I PUBLIKACIJE:<\/strong><\/p>\n<p><strong><a href=\"https:\/\/udruga-impress.hr\/safebook-prirucnik-o-sigurnosti-mladih\/\">SAFEBOOK &#8211; Priru\u010dnik o sigurnosti mladih<\/a><\/strong><\/p>\n<p><a href=\"#\"><strong>Istra\u017eivanje potreba mladih: Grubi\u0161no Polje\u00a0(Tarabi\u0107, Herceg, \u0160opar, 2018.)<\/strong>\u00a0<\/a><\/p>\n<p><a href=\"#\"><strong>Virtualna pozitiva Bro\u0161ura<\/strong><\/a><\/p>\n<p><a href=\"#\"><strong>Matemati\u010dki junaci priru\u010dnik\u00a0<\/strong><\/a><\/p>\n<p>&nbsp;<\/p>\n<p><strong>STATUT:<\/strong><\/p>\n<p><strong><a href=\"#\">Statut Udruge Impress<\/a><\/strong><\/p>\n<p>&nbsp;<\/p>\n<p><strong>ORGANIZACIJSKI:<\/strong><\/p>\n<p><a href=\"#\"><strong>Organizacijska shema udruge<\/strong><\/a><\/p>\n<p><a href=\"#\"><strong>Sistematizacija radnih mjesta<\/strong><\/a><\/p>\n<p><a href=\"https:\/\/udruga-impress.hr\/wp-content\/uploads\/2025\/12\/OPERATIVNI-PLAN-2026.pdf\">Plan rada za 2026.<\/a><\/p>\n<p><a href=\"https:\/\/udruga-impress.hr\/wp-content\/uploads\/2025\/12\/Finacijski-Plan.pdf\">Financijski plan za 2026.<\/a><\/p>\n<p>Plan rada za 2025.<\/p>\n<p>Financijski plan za 2025.<\/p>\n<p>Plan rada za 2024.<\/p>\n<p>Financijski plan za 2024.<\/p>\n<p><a href=\"https:\/\/udruga-impress.hr\/wp-content\/uploads\/2023\/09\/Plan-rada-IMPRESS-2023.pdf\">Plana rada za 2023.<\/a><\/p>\n<p><a href=\"https:\/\/udruga-impress.hr\/wp-content\/uploads\/2023\/09\/Financijski-plan-IMPRESS-2023.pdf\">Financijski plan za 2023.<\/a><\/p>\n<p><a href=\"https:\/\/udruga-impress.hr\/wp-content\/uploads\/2022\/05\/Operativni-plan-Impress-2022.pdf\">Plana rada za 2022.<\/a><\/p>\n<p><a href=\"https:\/\/udruga-impress.hr\/wp-content\/uploads\/2022\/05\/Financijski-plan-Impress-2022.pdf\">Financijski plan za 2022.<\/a><\/p>\n<p><a href=\"https:\/\/udruga-impress.hr\/wp-content\/uploads\/2021\/04\/Operativni_Impress_2021.pdf\"><strong>Plan rada za 2021.<\/strong><\/a><\/p>\n<p><a href=\"https:\/\/udruga-impress.hr\/wp-content\/uploads\/2021\/04\/Impress-Financijski-plan-2021.pdf\"><strong>Financijski plan za 2021.\u00a0<\/strong><\/a><\/p>\n<p><a href=\"#\"><strong>Plan rada za 2020.<\/strong><\/a><\/p>\n<p><a href=\"#\"><strong>Financijski plan za 2020.\u00a0<\/strong><\/a><\/p>\n<p><a href=\"#\"><strong>Plan rada za 2019.<\/strong><\/a><\/p>\n<p><a href=\"#\"><strong>Financijski plan za 2019.<\/strong><\/a><\/p>\n<p><a href=\"#\"><strong>Plan rada za 2018.<\/strong><\/a><\/p>\n<p><a href=\"#\"><strong>Financijski plan za 2018.<\/strong><\/a><\/p>\n<p><a href=\"#\"><strong>Plan rada za 2017.<\/strong><\/a><\/p>\n<p><a href=\"#\"><strong>Financijski plan za 2017.<\/strong><\/a><\/p>\n<p>&nbsp;<\/p>\n<p><strong>IZVJE\u0160TAJI:<\/strong><\/p>\n<p><a href=\"https:\/\/udruga-impress.hr\/wp-content\/uploads\/2026\/03\/IMPRESSIVNA_2025-compressed.pdf\">Godi\u0161nji izvje\u0161taj o radu za 2025.<\/a><\/p>\n<p><a href=\"https:\/\/udruga-impress.hr\/wp-content\/uploads\/2026\/03\/Financijski_Impress_2025.pdf\">Financijski izvje\u0161taj o radu za 2025<\/a><a href=\"https:\/\/udruga-impress.hr\/wp-content\/uploads\/2024\/06\/Fin_2024.pdf\">.<\/a><\/p>\n<p><a href=\"https:\/\/udruga-impress.hr\/wp-content\/uploads\/2025\/11\/2024_report_impress.pdf\">Godi\u0161nji izvje\u0161taj o radu za 2024.<\/a><\/p>\n<p><a href=\"https:\/\/udruga-impress.hr\/wp-content\/uploads\/2024\/06\/Fin_2024.pdf\">Financijski izvje\u0161taj o radu za 2024.<\/a><\/p>\n<p><a href=\"#\">Godi\u0161nji izvje\u0161taj o radu za 2023.<\/a><\/p>\n<p><a href=\"https:\/\/udruga-impress.hr\/wp-content\/uploads\/2024\/06\/Fin_2023.pdf\">Financijski izvje\u0161taj o radu za 2023.<\/a><\/p>\n<p><a href=\"https:\/\/udruga-impress.hr\/wp-content\/uploads\/2023\/09\/2022_report_compressed.pdf\">Godi\u0161nji izvje\u0161taj o radu za 2022.<\/a><\/p>\n<p><a href=\"https:\/\/udruga-impress.hr\/wp-content\/uploads\/2023\/09\/Impress_revizorsko.pdf\">Financijski izvje\u0161taj o radu za 2022. (revizijski izvje\u0161taj)<\/a><\/p>\n<p><a href=\"https:\/\/udruga-impress.hr\/wp-content\/uploads\/2022\/05\/Opisni_Izvjestaj_2021.pdf\">Godi\u0161nji izvje\u0161taj o radu za 2021.<\/a><\/p>\n<p><a href=\"https:\/\/udruga-impress.hr\/wp-content\/uploads\/2022\/05\/Financijski_izvjestaj_2021.pdf\">Financijski izvje\u0161taj o radu za 2021.<\/a><\/p>\n<p><a href=\"https:\/\/udruga-impress.hr\/wp-content\/uploads\/2022\/06\/Revizija_2021.pdf\">Revizijski izvje\u0161taj za 2021.<\/a><\/p>\n<p><a href=\"https:\/\/udruga-impress.hr\/wp-content\/uploads\/2021\/05\/Izvjestaj_2020.pdf\"><strong>Godi\u0161nji izvje\u0161taj o radu za 2020.<\/strong><\/a><\/p>\n<p><a href=\"https:\/\/udruga-impress.hr\/wp-content\/uploads\/2021\/05\/Financijsko_2021.pdf\"><strong>Financijski izvje\u0161taj za 2020.<\/strong><\/a><\/p>\n<p><a href=\"#\"><strong>Godi\u0161nji izvje\u0161taj o radu za 2019.<\/strong><\/a><\/p>\n<p><a href=\"#\"><strong>Godi\u0161nji izvje\u0161taj o radu za 2018.<\/strong><\/a><\/p>\n<p><a href=\"#\"><strong>Godi\u0161nji izvje\u0161taj o radu za 2017.<\/strong><\/a><\/p>\n<p>&nbsp;<\/p>\n<p><strong>IZVJE\u0160TAJ ORGANIZATORA VOLONTIRANJA:<\/strong><\/p>\n<p><a href=\"https:\/\/udruga-impress.hr\/wp-content\/uploads\/2023\/09\/Volonteri_2022_Impress.pdf\"><strong>Izvje\u0161taj organizatora volontiranja 2022.<\/strong><\/a><\/p>\n<p><a href=\"https:\/\/udruga-impress.hr\/wp-content\/uploads\/2023\/09\/Volonteri-2021.pdf\"><strong>Izvje\u0161taj organizatora volontiranja 2021.<\/strong><\/a><\/p>\n<p><a href=\"https:\/\/udruga-impress.hr\/wp-content\/uploads\/2023\/09\/Izvjesce_Volonteri_2020.pdf\"><strong>Izvje\u0161taj organizatora volontiranja 2020.<\/strong><\/a><\/p>\n<p><a href=\"#\"><strong>Izvje\u0161taj organizatora volontiranja 2019.<\/strong><\/a><\/p>\n<p><a href=\"#\"><strong>Izvje\u0161taj organizatora volontiranja 2018.<\/strong><\/a><\/p>\n<p><a href=\"#\"><strong>Izvje\u0161taj organizatora volontiranja 2017.<\/strong><\/a><\/p>\n<p><a href=\"#\"><strong>Izvje\u0161taj organizatora volontiranja 2016.<\/strong><\/a><\/p>\n<p><a href=\"#\"><strong>Izvje\u0161taj organizatora volontiranja 2015.<\/strong><\/a><\/p>\n<p>&nbsp;<\/p>","protected":false},"excerpt":{"rendered":"<p>ISTRA\u017dIVANJA I PUBLIKACIJE: SAFEBOOK &#8211; Priru\u010dnik o sigurnosti mladih Istra\u017eivanje potreba mladih: Grubi\u0161no Polje\u00a0(Tarabi\u0107, Herceg, \u0160opar, 2018.)\u00a0 Virtualna pozitiva Bro\u0161ura Matemati\u010dki junaci priru\u010dnik\u00a0 &nbsp; STATUT: Statut Udruge Impress &nbsp; ORGANIZACIJSKI: Organizacijska shema udruge Sistematizacija radnih mjesta Plan rada za 2026. Financijski plan za 2026. Plan rada za 2025. Financijski plan za 2025. Plan rada za [&hellip;]<\/p>\n","protected":false},"author":1,"featured_media":0,"parent":464,"menu_order":0,"comment_status":"closed","ping_status":"closed","template":"","meta":{"footnotes":""},"class_list":["post-502","page","type-page","status-publish","hentry"],"_links":{"self":[{"href":"https:\/\/udruga-impress.hr\/en\/wp-json\/wp\/v2\/pages\/502","targetHints":{"allow":["GET"]}}],"collection":[{"href":"https:\/\/udruga-impress.hr\/en\/wp-json\/wp\/v2\/pages"}],"about":[{"href":"https:\/\/udruga-impress.hr\/en\/wp-json\/wp\/v2\/types\/page"}],"author":[{"embeddable":true,"href":"https:\/\/udruga-impress.hr\/en\/wp-json\/wp\/v2\/users\/1"}],"replies":[{"embeddable":true,"href":"https:\/\/udruga-impress.hr\/en\/wp-json\/wp\/v2\/comments?post=502"}],"version-history":[{"count":33,"href":"https:\/\/udruga-impress.hr\/en\/wp-json\/wp\/v2\/pages\/502\/revisions"}],"predecessor-version":[{"id":5364,"href":"https:\/\/udruga-impress.hr\/en\/wp-json\/wp\/v2\/pages\/502\/revisions\/5364"}],"up":[{"embeddable":true,"href":"https:\/\/udruga-impress.hr\/en\/wp-json\/wp\/v2\/pages\/464"}],"wp:attachment":[{"href":"https:\/\/udruga-impress.hr\/en\/wp-json\/wp\/v2\/media?parent=502"}],"curies":[{"name":"wp","href":"https:\/\/api.w.org\/{rel}","templated":true}]}}