{"id":504,"date":"2020-04-22T15:33:11","date_gmt":"2020-04-22T15:33:11","guid":{"rendered":"https:\/\/udruga-impress.hr\/?page_id=504"},"modified":"2020-05-02T14:02:17","modified_gmt":"2020-05-02T14:02:17","slug":"mediji-o-nama","status":"publish","type":"page","link":"https:\/\/udruga-impress.hr\/en\/o-nama\/mediji-o-nama\/","title":{"rendered":"MEDIA ABOUT US"},"content":{"rendered":"<p><img fetchpriority=\"high\" decoding=\"async\" class=\"alignnone wp-image-713 size-full\" src=\"https:\/\/udruga-impress.hr\/wp-content\/uploads\/2020\/04\/magazine-806073_1280-e1587604705597.jpg\" alt=\"\" width=\"1280\" height=\"496\" \/><\/p>\n<p style=\"text-align: justify;\">Kroz na\u0161 rad pratili su nas razni mediji te informirali javnost o na\u0161em trudu na pru\u017eanju jednakih mogu\u0107nosti i pobolj\u0161anju zajednice.<\/p>\n<p>&nbsp;<\/p>","protected":false},"excerpt":{"rendered":"<p>Kroz na\u0161 rad pratili su nas razni mediji te informirali javnost o na\u0161em trudu na pru\u017eanju jednakih mogu\u0107nosti i pobolj\u0161anju zajednice. &nbsp;<\/p>","protected":false},"author":1,"featured_media":0,"parent":464,"menu_order":0,"comment_status":"closed","ping_status":"closed","template":"","meta":{"footnotes":""},"class_list":["post-504","page","type-page","status-publish","hentry"],"_links":{"self":[{"href":"https:\/\/udruga-impress.hr\/en\/wp-json\/wp\/v2\/pages\/504","targetHints":{"allow":["GET"]}}],"collection":[{"href":"https:\/\/udruga-impress.hr\/en\/wp-json\/wp\/v2\/pages"}],"about":[{"href":"https:\/\/udruga-impress.hr\/en\/wp-json\/wp\/v2\/types\/page"}],"author":[{"embeddable":true,"href":"https:\/\/udruga-impress.hr\/en\/wp-json\/wp\/v2\/users\/1"}],"replies":[{"embeddable":true,"href":"https:\/\/udruga-impress.hr\/en\/wp-json\/wp\/v2\/comments?post=504"}],"version-history":[{"count":5,"href":"https:\/\/udruga-impress.hr\/en\/wp-json\/wp\/v2\/pages\/504\/revisions"}],"predecessor-version":[{"id":791,"href":"https:\/\/udruga-impress.hr\/en\/wp-json\/wp\/v2\/pages\/504\/revisions\/791"}],"up":[{"embeddable":true,"href":"https:\/\/udruga-impress.hr\/en\/wp-json\/wp\/v2\/pages\/464"}],"wp:attachment":[{"href":"https:\/\/udruga-impress.hr\/en\/wp-json\/wp\/v2\/media?parent=504"}],"curies":[{"name":"wp","href":"https:\/\/api.w.org\/{rel}","templated":true}]}}