{"id":506,"date":"2020-04-22T15:33:23","date_gmt":"2020-04-22T15:33:23","guid":{"rendered":"https:\/\/udruga-impress.hr\/?page_id=506"},"modified":"2020-05-02T14:01:15","modified_gmt":"2020-05-02T14:01:15","slug":"lokacije","status":"publish","type":"page","link":"https:\/\/udruga-impress.hr\/en\/o-nama\/lokacije\/","title":{"rendered":"LOCATIONS"},"content":{"rendered":"<p><img fetchpriority=\"high\" decoding=\"async\" class=\"alignnone wp-image-705 size-large\" src=\"https:\/\/udruga-impress.hr\/wp-content\/uploads\/2020\/04\/location-3324959_1280-1024x512.png\" alt=\"\" width=\"750\" height=\"375\" \/><\/p>\n<p style=\"text-align: justify;\">Udruga \u201cImpress\u201d je nastala u Daruvaru, no kako su na\u0161i \u010dlanovi mladi ljudi koji mijenjaju svoja prebivali\u0161ta te odlaze na \u0161kolovanje, rad u druge gradove pojavila se potreba pro\u0161iriti udrugu s nekoliko podru\u017enica.<\/p>\n<p style=\"text-align: justify;\">Kao prva takva podru\u017enica oformio se Zagreb u koji ve\u0107ina na\u0161ih mladih odlazi u srednju \u0161kolu, na fakultet ili jednostavno raditi. Stoga mladi mogu zapo\u010deti odre\u0111ene stvari u Daruvaru te ih dovr\u0161iti u Zagrebu i obrnuto.<\/p>\n<p style=\"text-align: justify;\">Daljnjim \u0161irenjem dobrog glasa i aktivnosti udruge, u suradnji s Gradom Bjelovarom zapo\u010deli smo svoje aktivnosti i na podru\u010dju Bjelovara, gdje provodimo razli\u010dite aktivnosti s preko 1500 korisnika.<\/p>\n<p style=\"text-align: justify;\">\n<p>&nbsp;<\/p>","protected":false},"excerpt":{"rendered":"<p>Udruga \u201cImpress\u201d je nastala u Daruvaru, no kako su na\u0161i \u010dlanovi mladi ljudi koji mijenjaju svoja prebivali\u0161ta te odlaze na \u0161kolovanje, rad u druge gradove pojavila se potreba pro\u0161iriti udrugu s nekoliko podru\u017enica. Kao prva takva podru\u017enica oformio se Zagreb u koji ve\u0107ina na\u0161ih mladih odlazi u srednju \u0161kolu, na fakultet ili jednostavno raditi. Stoga [&hellip;]<\/p>\n","protected":false},"author":1,"featured_media":0,"parent":464,"menu_order":0,"comment_status":"closed","ping_status":"closed","template":"","meta":{"footnotes":""},"class_list":["post-506","page","type-page","status-publish","hentry"],"_links":{"self":[{"href":"https:\/\/udruga-impress.hr\/en\/wp-json\/wp\/v2\/pages\/506","targetHints":{"allow":["GET"]}}],"collection":[{"href":"https:\/\/udruga-impress.hr\/en\/wp-json\/wp\/v2\/pages"}],"about":[{"href":"https:\/\/udruga-impress.hr\/en\/wp-json\/wp\/v2\/types\/page"}],"author":[{"embeddable":true,"href":"https:\/\/udruga-impress.hr\/en\/wp-json\/wp\/v2\/users\/1"}],"replies":[{"embeddable":true,"href":"https:\/\/udruga-impress.hr\/en\/wp-json\/wp\/v2\/comments?post=506"}],"version-history":[{"count":5,"href":"https:\/\/udruga-impress.hr\/en\/wp-json\/wp\/v2\/pages\/506\/revisions"}],"predecessor-version":[{"id":790,"href":"https:\/\/udruga-impress.hr\/en\/wp-json\/wp\/v2\/pages\/506\/revisions\/790"}],"up":[{"embeddable":true,"href":"https:\/\/udruga-impress.hr\/en\/wp-json\/wp\/v2\/pages\/464"}],"wp:attachment":[{"href":"https:\/\/udruga-impress.hr\/en\/wp-json\/wp\/v2\/media?parent=506"}],"curies":[{"name":"wp","href":"https:\/\/api.w.org\/{rel}","templated":true}]}}