{"id":510,"date":"2020-04-22T15:33:45","date_gmt":"2020-04-22T15:33:45","guid":{"rendered":"https:\/\/udruga-impress.hr\/?page_id=510"},"modified":"2020-05-02T14:04:55","modified_gmt":"2020-05-02T14:04:55","slug":"erasmus","status":"publish","type":"page","link":"https:\/\/udruga-impress.hr\/en\/projekti\/erasmus\/","title":{"rendered":"ERASMUS"},"content":{"rendered":"<p style=\"text-align: justify;\">Udruga za promicanje pozitivne afirmacije mladih u dru\u0161tvu \u201eImpress\u201c Daruvar aktivna je u ERASMUS+ programu od njegovih po\u010detaka. Kroz ERASMUS+ projekte u Daruvaru smo do sada odr\u017eali 10 projekata. Kroz na\u0161e projekte do sada smo na aktivnosti koje su trajale od 8-14 dana ugostili preko 200 sudionika iz 30ak zemalja Europe i svijeta.<\/p>\n<p><iframe title=\"1.1  Discover what Erasmus+ is\" width=\"900\" height=\"506\" src=\"https:\/\/www.youtube.com\/embed\/TvondHqhKXM?feature=oembed\" frameborder=\"0\" allow=\"accelerometer; autoplay; clipboard-write; encrypted-media; gyroscope; picture-in-picture; web-share\" allowfullscreen><\/iframe><\/p>\n<p style=\"text-align: justify;\">U sklopu Europske Volonterske Slu\u017ebe\/Europskih snaga solidarnosti ugostili smo 12 volontera u dvije godine, od toga 6 volontera na dugoro\u010dne aktivnosti (do godine dana), te 6 volontera na kratkoro\u010dne aktivnosti od 59 dana.<\/p>\n<p style=\"text-align: justify;\"><strong>U 2020. do sada smo odradili dva projekta u velja\u010di i o\u017eujku u sklopu kojih smo u Daruvaru ugostili 60 mladih iz 11 zemalja kroz 20 dana aktivnosti.<\/strong><\/p>\n<p style=\"text-align: justify;\">Od volonterskih aktivnosti uskoro o\u010dekujemo jo\u0161 dva dugoro\u010dna volontera\u00a0\u00a0koji \u0107e se na godinu dana pridru\u017eiti na\u0161em timu, te 10 kratkoro\u010dnih koji \u0107e nam se pridru\u017eiti na 59 dana.<\/p>\n<p><strong>2020. projekti:<\/strong><\/p>\n<p>Training for trainers: facilitating \u201chot potato\u201d topics with multicultural groups\u201c<\/p>\n<p>Society needs you!<\/p>\n<p>YE \u2013 Hate speech!<\/p>\n<p><strong>2019. projekti:<\/strong><\/p>\n<p>Leading light<\/p>\n<p><strong>2018. projekti:<\/strong><\/p>\n<p>\u201eConfluence of Cultures\u201c<\/p>\n<p>\u201eEcoActive\u201c<\/p>\n<p><strong>2017. projekti:<\/strong><\/p>\n<p><span lang=\"LV\">\u201eTaking actions through counter and alternative narratives \u2013 HATE SPEECH IS NOT AN OPTION\u201c<\/span><\/p>\n<p><span lang=\"LV\">Do EVS to Impress<\/span><\/p>\n<p><strong>2016. projekti:<\/strong><\/p>\n<p>Gender Equality Starts Now<\/p>\n<p>Freedom of expression \u2013 Speak Free but speak no hate<\/p>","protected":false},"excerpt":{"rendered":"<p>Udruga za promicanje pozitivne afirmacije mladih u dru\u0161tvu \u201eImpress\u201c Daruvar aktivna je u ERASMUS+ programu od njegovih po\u010detaka. Kroz ERASMUS+ projekte u Daruvaru smo do sada odr\u017eali 10 projekata. Kroz na\u0161e projekte do sada smo na aktivnosti koje su trajale od 8-14 dana ugostili preko 200 sudionika iz 30ak zemalja Europe i svijeta. U sklopu [&hellip;]<\/p>\n","protected":false},"author":1,"featured_media":0,"parent":466,"menu_order":0,"comment_status":"closed","ping_status":"closed","template":"","meta":{"footnotes":""},"class_list":["post-510","page","type-page","status-publish","hentry"],"_links":{"self":[{"href":"https:\/\/udruga-impress.hr\/en\/wp-json\/wp\/v2\/pages\/510","targetHints":{"allow":["GET"]}}],"collection":[{"href":"https:\/\/udruga-impress.hr\/en\/wp-json\/wp\/v2\/pages"}],"about":[{"href":"https:\/\/udruga-impress.hr\/en\/wp-json\/wp\/v2\/types\/page"}],"author":[{"embeddable":true,"href":"https:\/\/udruga-impress.hr\/en\/wp-json\/wp\/v2\/users\/1"}],"replies":[{"embeddable":true,"href":"https:\/\/udruga-impress.hr\/en\/wp-json\/wp\/v2\/comments?post=510"}],"version-history":[{"count":6,"href":"https:\/\/udruga-impress.hr\/en\/wp-json\/wp\/v2\/pages\/510\/revisions"}],"predecessor-version":[{"id":795,"href":"https:\/\/udruga-impress.hr\/en\/wp-json\/wp\/v2\/pages\/510\/revisions\/795"}],"up":[{"embeddable":true,"href":"https:\/\/udruga-impress.hr\/en\/wp-json\/wp\/v2\/pages\/466"}],"wp:attachment":[{"href":"https:\/\/udruga-impress.hr\/en\/wp-json\/wp\/v2\/media?parent=510"}],"curies":[{"name":"wp","href":"https:\/\/api.w.org\/{rel}","templated":true}]}}