{"id":512,"date":"2020-04-22T15:34:05","date_gmt":"2020-04-22T15:34:05","guid":{"rendered":"https:\/\/udruga-impress.hr\/?page_id=512"},"modified":"2021-05-24T13:23:53","modified_gmt":"2021-05-24T13:23:53","slug":"nacionalni","status":"publish","type":"page","link":"https:\/\/udruga-impress.hr\/en\/projekti\/nacionalni\/","title":{"rendered":"NATIONAL"},"content":{"rendered":"<p><img fetchpriority=\"high\" decoding=\"async\" class=\"alignnone size-full wp-image-725\" src=\"https:\/\/udruga-impress.hr\/wp-content\/uploads\/2020\/04\/zagreb-2582608_1280-e1587605142316.jpg\" alt=\"\" width=\"1280\" height=\"473\" \/><\/p>\n<p>&nbsp;<\/p>\n<p>&nbsp;<\/p>\n<table>\n<tbody>\n<tr>\n<td width=\"208\"><strong>NAZIV PROJEKTA<\/strong><\/td>\n<td width=\"321\"><strong>DONATOR<\/strong><\/td>\n<td width=\"94\"><strong>STATUS<\/strong><\/td>\n<\/tr>\n<tr>\n<td width=\"208\"><a href=\"https:\/\/udruga-impress.hr\/prevencija-rizika-od-socijalne-iskljucenosti-i-siromastva-djece\/\"><strong>Prevencija rizika od socijalne isklju\u010denosti i siroma\u0161tva djece<\/strong><\/a><\/td>\n<td width=\"321\">Sredi\u0161nji dr\u017eavni ured za demografiju i mlade &#8211; (Ministarstvo za demografiju, obitelj, mlade i socijalnu politiku)<\/td>\n<td width=\"94\">U tijeku<\/td>\n<\/tr>\n<tr>\n<td width=\"208\"><strong>Institucionalna podr\u0161ka<\/strong><\/td>\n<td width=\"321\">Nacionalna zaklada za razvoj civilnog dru\u0161tva<\/td>\n<td width=\"94\">U tijeku<\/td>\n<\/tr>\n<tr>\n<td width=\"208\"><strong>Podr\u0161ka obiteljima u Daruvaru<\/strong><\/td>\n<td width=\"321\">Sredi\u0161nji dr\u017eavni ured za demografiju i mlade &#8211; (Ministarstvo za demografiju, obitelj, mlade i socijalnu politiku)<\/td>\n<td width=\"94\">U tijeku<\/td>\n<\/tr>\n<tr>\n<td width=\"208\"><strong>Sigurna okolina za djecu i mlade u BB\u017d (Prevencija seksualnog nasilja)<\/strong><\/td>\n<td width=\"321\">Sredi\u0161nji dr\u017eavni ured za demografiju i mlade &#8211; (Ministarstvo za demografiju, obitelj, mlade i socijalnu politiku)<\/td>\n<td width=\"94\">U tijeku<\/td>\n<\/tr>\n<tr>\n<td width=\"208\"><a href=\"https:\/\/icm-mogucnosti.info\"><strong>Info Centar Mogu\u0107nosti<\/strong><\/a><\/td>\n<td width=\"321\">Sredi\u0161nji dr\u017eavni ured za demografiju i mlade &#8211; (Ministarstvo za demografiju, obitelj, mlade i socijalnu politiku)<\/td>\n<td width=\"94\">Zavr\u0161en<\/td>\n<\/tr>\n<tr>\n<td width=\"208\"><strong>Jednake prilike za sve<\/strong><\/td>\n<td width=\"321\">Sredi\u0161nji dr\u017eavni ured za demografiju i mlade &#8211; (Ministarstvo za demografiju, obitelj, mlade i socijalnu politiku)<\/td>\n<td width=\"94\">U tijeku<\/td>\n<\/tr>\n<tr>\n<td width=\"208\"><a href=\"https:\/\/udruga-impress.hr\/savjetovaliste-za-zrtve-nasilja-u-obitelji-u-bjelovarsko-bilogorskoj-zupaniji\/\"><strong>Savjetovali\u0161te za \u017ertve nasilja u obitelj u Bjelovarsko-bilogorskoj \u017eupaniji<\/strong><\/a><\/td>\n<td width=\"321\">Ministarstvo rada, mirovinskog sustava, obitelji i socijalne politike<\/td>\n<td width=\"94\">U tijeku<\/td>\n<\/tr>\n<\/tbody>\n<\/table>","protected":false},"excerpt":{"rendered":"<p>&nbsp; &nbsp; NAZIV PROJEKTA DONATOR STATUS Prevencija rizika od socijalne isklju\u010denosti i siroma\u0161tva djece Sredi\u0161nji dr\u017eavni ured za demografiju i mlade &#8211; (Ministarstvo za demografiju, obitelj, mlade i socijalnu politiku) U tijeku Institucionalna podr\u0161ka Nacionalna zaklada za razvoj civilnog dru\u0161tva U tijeku Podr\u0161ka obiteljima u Daruvaru Sredi\u0161nji dr\u017eavni ured za demografiju i mlade &#8211; (Ministarstvo [&hellip;]<\/p>\n","protected":false},"author":1,"featured_media":0,"parent":466,"menu_order":0,"comment_status":"closed","ping_status":"closed","template":"","meta":{"footnotes":""},"class_list":["post-512","page","type-page","status-publish","hentry"],"_links":{"self":[{"href":"https:\/\/udruga-impress.hr\/en\/wp-json\/wp\/v2\/pages\/512","targetHints":{"allow":["GET"]}}],"collection":[{"href":"https:\/\/udruga-impress.hr\/en\/wp-json\/wp\/v2\/pages"}],"about":[{"href":"https:\/\/udruga-impress.hr\/en\/wp-json\/wp\/v2\/types\/page"}],"author":[{"embeddable":true,"href":"https:\/\/udruga-impress.hr\/en\/wp-json\/wp\/v2\/users\/1"}],"replies":[{"embeddable":true,"href":"https:\/\/udruga-impress.hr\/en\/wp-json\/wp\/v2\/comments?post=512"}],"version-history":[{"count":16,"href":"https:\/\/udruga-impress.hr\/en\/wp-json\/wp\/v2\/pages\/512\/revisions"}],"predecessor-version":[{"id":1063,"href":"https:\/\/udruga-impress.hr\/en\/wp-json\/wp\/v2\/pages\/512\/revisions\/1063"}],"up":[{"embeddable":true,"href":"https:\/\/udruga-impress.hr\/en\/wp-json\/wp\/v2\/pages\/466"}],"wp:attachment":[{"href":"https:\/\/udruga-impress.hr\/en\/wp-json\/wp\/v2\/media?parent=512"}],"curies":[{"name":"wp","href":"https:\/\/api.w.org\/{rel}","templated":true}]}}