{"id":514,"date":"2020-04-22T15:34:16","date_gmt":"2020-04-22T15:34:16","guid":{"rendered":"https:\/\/udruga-impress.hr\/?page_id=514"},"modified":"2020-11-01T13:04:14","modified_gmt":"2020-11-01T13:04:14","slug":"lokalni","status":"publish","type":"page","link":"https:\/\/udruga-impress.hr\/en\/projekti\/lokalni\/","title":{"rendered":"LOCAL"},"content":{"rendered":"<p><img fetchpriority=\"high\" decoding=\"async\" class=\"alignnone size-full wp-image-727\" src=\"https:\/\/udruga-impress.hr\/wp-content\/uploads\/2020\/04\/web-539757_1280-e1587605222347.jpg\" alt=\"\" width=\"1280\" height=\"377\" \/><\/p>\n<table>\n<tbody>\n<tr>\n<td width=\"208\"><strong>NAZIV PROJEKTA<\/strong><\/td>\n<td width=\"321\"><strong>DONATOR<\/strong><\/td>\n<td width=\"94\"><strong>STATUS<\/strong><\/td>\n<\/tr>\n<tr>\n<td width=\"208\"><strong>Centar za mlade Daruvar<\/strong><\/td>\n<td width=\"321\">Grad Daruvar<\/td>\n<td width=\"94\">U tijeku<\/td>\n<\/tr>\n<tr>\n<td width=\"208\"><strong>Me\u0111unarodni tjedan mladih<\/strong><\/td>\n<td width=\"321\">Bjelovarsko-bilogorska \u017eupanija<\/td>\n<td width=\"94\">U tijeku<\/td>\n<\/tr>\n<tr>\n<td width=\"208\"><strong>Dani zdravlja<\/strong><\/td>\n<td width=\"321\">Grad Daruvar<\/td>\n<td width=\"94\">U tijeku<\/td>\n<\/tr>\n<tr>\n<td width=\"208\"><strong>Me\u0111unarodni tjedan mladih<\/strong><\/td>\n<td width=\"321\">Grad Daruvar<\/td>\n<td width=\"94\">U tijeku<\/td>\n<\/tr>\n<\/tbody>\n<\/table>","protected":false},"excerpt":{"rendered":"<p>NAZIV PROJEKTA DONATOR STATUS Centar za mlade Daruvar Grad Daruvar U tijeku Me\u0111unarodni tjedan mladih Bjelovarsko-bilogorska \u017eupanija U tijeku Dani zdravlja Grad Daruvar U tijeku Me\u0111unarodni tjedan mladih Grad Daruvar U tijeku<\/p>","protected":false},"author":1,"featured_media":0,"parent":466,"menu_order":0,"comment_status":"closed","ping_status":"closed","template":"","meta":{"footnotes":""},"class_list":["post-514","page","type-page","status-publish","hentry"],"_links":{"self":[{"href":"https:\/\/udruga-impress.hr\/en\/wp-json\/wp\/v2\/pages\/514","targetHints":{"allow":["GET"]}}],"collection":[{"href":"https:\/\/udruga-impress.hr\/en\/wp-json\/wp\/v2\/pages"}],"about":[{"href":"https:\/\/udruga-impress.hr\/en\/wp-json\/wp\/v2\/types\/page"}],"author":[{"embeddable":true,"href":"https:\/\/udruga-impress.hr\/en\/wp-json\/wp\/v2\/users\/1"}],"replies":[{"embeddable":true,"href":"https:\/\/udruga-impress.hr\/en\/wp-json\/wp\/v2\/comments?post=514"}],"version-history":[{"count":4,"href":"https:\/\/udruga-impress.hr\/en\/wp-json\/wp\/v2\/pages\/514\/revisions"}],"predecessor-version":[{"id":932,"href":"https:\/\/udruga-impress.hr\/en\/wp-json\/wp\/v2\/pages\/514\/revisions\/932"}],"up":[{"embeddable":true,"href":"https:\/\/udruga-impress.hr\/en\/wp-json\/wp\/v2\/pages\/466"}],"wp:attachment":[{"href":"https:\/\/udruga-impress.hr\/en\/wp-json\/wp\/v2\/media?parent=514"}],"curies":[{"name":"wp","href":"https:\/\/api.w.org\/{rel}","templated":true}]}}