{"id":5229,"date":"2023-10-16T10:51:02","date_gmt":"2023-10-16T10:51:02","guid":{"rendered":"https:\/\/udruga-impress.hr\/?page_id=5229"},"modified":"2023-10-19T22:05:20","modified_gmt":"2023-10-19T22:05:20","slug":"zdravlje","status":"publish","type":"page","link":"https:\/\/udruga-impress.hr\/en\/zdravlje\/","title":{"rendered":"Dani Zdravlja 2023!"},"content":{"rendered":"<p style=\"font-weight: 400;\"><strong>DANI ZDRAVLJA U DARUVARU I ONLINE <\/strong><\/p>\n<p style=\"font-weight: 400;\">Udruga Impress volonterski s Daruvarskim toplicama- Specijalnom bolnicom za medicinsku rehabilitaciju, TZ Daruvar-Papuk, Gradom Daruvarom, Hrvatskim zavodom za javno zdravstvo, Hrvatskim zavodom za hitnu medicinu, European Cancer Organisation, Udrugom studenata medicine CroMSIC, Palijativnim timom Lipa, Centar za razvoj osobnih kompetencija i za\u0161titu ljudskih prava, POU Daruvar, brojnim lokalnim, regionalnim i europskim partnerima tijekom listopada organizira ve\u0107 tradicionalne Dane zdravlja u Daruvaru.<\/p>\n<p style=\"font-weight: 400;\">Klju\u010dan doga\u0111aj odr\u017eava se u petak 20. listopada 2023. godine, u idili\u010dnom ambijentu Julijevog parka u Daruvaru. Ovaj sajam predstavlja vrhunac dvotjednog programa &#8220;Tjedna zdravlja&#8221;, inicijative koja stavlja zdravlje i dobrobit pojedinaca u sredi\u0161te pozornosti. S po\u010detkom u 10 sati, Sajam Zdravlja nudi bogat program u kojem \u0107e se okupiti predstavnici lokalnih, regionalnih i europskih institucija kako bi podijelili svoje uvide i iskustva o va\u017enosti promicanja zdravlja.<\/p>\n<p style=\"font-weight: 400;\">Jedan od istaknutih \u0161tandova bit \u0107e posve\u0107en dijabetesu, omogu\u0107uju\u0107i svim posjetiteljima da provjere razinu \u0161e\u0107era u krvi. Na \u0161tandu Palijativnog tima Lipa gra\u0111ani \u0107e mo\u0107i popuniti testove vezano za Alzheimer. Ukupno \u0107e biti postavljeno vi\u0161e od 25 \u0161tandova od strane raznih zdravstvenih institucija, nevladinih organizacija i udruga.<\/p>\n<p style=\"font-weight: 400;\">U 11 sati, odr\u017eat \u0107e se stru\u010dni skup o &#8220;EU Strategiji za globalno zdravlje&#8221; u konferencijskoj dvorani \u201eArcadia\u201c na kojoj \u0107e prisustovati i predstavnik Hrvatske u Europskom gospodarskom i socijalnom odboru te \u0107ete stru\u010dni skup mo\u0107i pratiti i online putem poveznice<\/p>\n<p style=\"font-weight: 400;\"><a href=\"https:\/\/us06web.zoom.us\/j\/84308699068?pwd=3ZLZUfgvL6dE9C1Dgi2Nr1KuWqGo3x.1\">ZOOM<\/a> ili <a href=\"http:\/\/www.udruga-impress.hr\/zdravlje\">www.udruga-impress.hr\/zdravlje<\/a>.<\/p>\n<p style=\"font-weight: 400;\">Dodatno, od 8:30 do 10:00 sati mla\u0111a generacija mo\u0107i \u0107e sudjelovati u natjecateljskim raznim aktivnostima usmjerenim na edukaciju o va\u017enosti zdravlja od najranijih dana.<\/p>\n<p style=\"font-weight: 400;\">Impress, zajedno s brojnim partnerima, kontinuirano radi na pove\u0107anju svijesti o zdravstveno va\u017enim pitanjima, te je ovaj sajam jo\u0161 jedno svjedo\u010danstvo neumornog zalaganja za dobrobit zajednice.<\/p>\n<p style=\"font-weight: 400;\">Uz Sajam zdravlja do sada su odr\u017eana predavanja vezana za prevenciju i lije\u010denje mo\u017edanih udara, palijativu, demenciju, besplatna zvu\u010dna kupka i u\u0161na akupunktura, a o\u010dekuje nas jo\u0161: 23.10. u 17 sati u dvorani Arcadia predavanje na temu: \u201eDo pobolj\u0161anja zdravlja promjenom \u017eivotnog stila\u201c, 24.10. u 13 sati online predavanje na temu prevencije zlo\u010dudnih tumora, 24.10. u 17 sati predavanje i besplatna degustacija u dvorani Arcadia na temu Zdrave prehrane na biljnoj bazi, 25.10. u 17:00 sati u dvorani Arcadia predavanje Va\u017enost preventivnog pregleda i individualnog pristupa u dentalnoj medicini, 26.10. Predavanje THE TALK o reproduktivnom zdravlju online. Sva predavanja online odr\u017eavaju se preko zoom poveznice te sve novosti i kako se povezati mo\u017eete pratiti putem facebook stranice udruge Impress ili www.udruga-impress.hr\/zdravlje.<\/p>\n<p style=\"font-weight: 400;\">Pozivamo sve medije i gra\u0111ane da se pridru\u017ee ovom doga\u0111aju, podr\u017ee inicijativu i daju svoj doprinos izgradnji zdravije i sretnije zajednice.<\/p>\n<p style=\"font-weight: 400;\">Va\u017eno je napomenuti da se cijeli doga\u0111aj odr\u017eava volonterski od strane udruge Impress, a u cijelom doga\u0111aju sudjeluju brojne organizacije i institucije te podr\u017eavaju doga\u0111aj Hrvatski zavod za javno zdravstvo, Hrvatski zavod za hitnu medicinu, Europski gospodarski i socijalni odbor, Daruvarske toplice- specijalna bolnica za medicinsku rehabilitaciju, TZ Daruvar-Papuk, European Cancer Organisation, Udruga studenata medicine CroMSIC, Gradsko dru\u0161tvo Crvenog kri\u017ea Daruvar, Gradsko dru\u0161tvo Crvenog kri\u017ea Slatina, Grad Daruvar, Javna vatrogasna postrojba Daruvar, Liga protiv raka Daruvar, Dje\u010dji vrti\u0107 Vladimira Nazora Daruvar, Tehni\u010dka \u0161kola Daruvar, IV. osnovna \u0161kola Bjelovar, Osnovna \u0161kola Vladimira Nazora Daruvar, Osnovna \u0161kola u \u0110ulovcu, Osnovna \u0161kola Sira\u010d, KLUB SKOK, Dru\u0161tvo multiple skleroze BB\u017d, POU Daruvar, Hrvatska akademska zajednica Zagreb, Udruga srednjo\u0161kolaca Hrvatske, Centar za razvoj osobnih kompetencija i za\u0161titu ljudskih prava, Centar dru\u0161tvenih inovacija, Holisti\u010dki centar Anima Mundi, Bjelovarski slavuji-FAKINI, SUMA, Ljepota zdravlja, Grawe, Centar za podr\u0161ku i razvoj civilnog dru\u0161tva DELFIN.<\/p>\n<p>&nbsp;<\/p>\n<p><img fetchpriority=\"high\" decoding=\"async\" class=\"alignnone size-large wp-image-5233 aligncenter\" src=\"https:\/\/udruga-impress.hr\/wp-content\/uploads\/2023\/10\/sajam-zdravlja-724x1024.jpg\" alt=\"\" width=\"724\" height=\"1024\" \/><\/p>\n<p style=\"font-weight: 400;\">","protected":false},"excerpt":{"rendered":"<p>DANI ZDRAVLJA U DARUVARU I ONLINE Udruga Impress volonterski s Daruvarskim toplicama- Specijalnom bolnicom za medicinsku rehabilitaciju, TZ Daruvar-Papuk, Gradom Daruvarom, Hrvatskim zavodom za javno zdravstvo, Hrvatskim zavodom za hitnu medicinu, European Cancer Organisation, Udrugom studenata medicine CroMSIC, Palijativnim timom Lipa, Centar za razvoj osobnih kompetencija i za\u0161titu ljudskih prava, POU Daruvar, brojnim lokalnim, regionalnim [&hellip;]<\/p>\n","protected":false},"author":1,"featured_media":0,"parent":0,"menu_order":0,"comment_status":"closed","ping_status":"closed","template":"","meta":{"footnotes":""},"class_list":["post-5229","page","type-page","status-publish","hentry"],"_links":{"self":[{"href":"https:\/\/udruga-impress.hr\/en\/wp-json\/wp\/v2\/pages\/5229","targetHints":{"allow":["GET"]}}],"collection":[{"href":"https:\/\/udruga-impress.hr\/en\/wp-json\/wp\/v2\/pages"}],"about":[{"href":"https:\/\/udruga-impress.hr\/en\/wp-json\/wp\/v2\/types\/page"}],"author":[{"embeddable":true,"href":"https:\/\/udruga-impress.hr\/en\/wp-json\/wp\/v2\/users\/1"}],"replies":[{"embeddable":true,"href":"https:\/\/udruga-impress.hr\/en\/wp-json\/wp\/v2\/comments?post=5229"}],"version-history":[{"count":5,"href":"https:\/\/udruga-impress.hr\/en\/wp-json\/wp\/v2\/pages\/5229\/revisions"}],"predecessor-version":[{"id":5235,"href":"https:\/\/udruga-impress.hr\/en\/wp-json\/wp\/v2\/pages\/5229\/revisions\/5235"}],"wp:attachment":[{"href":"https:\/\/udruga-impress.hr\/en\/wp-json\/wp\/v2\/media?parent=5229"}],"curies":[{"name":"wp","href":"https:\/\/api.w.org\/{rel}","templated":true}]}}