{"id":628,"date":"2020-04-22T16:04:00","date_gmt":"2020-04-22T16:04:00","guid":{"rendered":"https:\/\/udruga-impress.hr\/?page_id=628"},"modified":"2020-04-23T01:51:44","modified_gmt":"2020-04-23T01:51:44","slug":"tjedan-zdravlja","status":"publish","type":"page","link":"https:\/\/udruga-impress.hr\/en\/tjedan-zdravlja\/","title":{"rendered":"HEALTH WEEK"},"content":{"rendered":"<p><iframe title=\"9  Tjedan zdravlja Bjelovarsko bilogorske \u017eupanije i sa\u017eetak pro\u0161log tjedna  Highlights of the Week\" width=\"900\" height=\"675\" src=\"https:\/\/www.youtube.com\/embed\/pLeMi4DoJ0c?feature=oembed\" frameborder=\"0\" allow=\"accelerometer; autoplay; clipboard-write; encrypted-media; gyroscope; picture-in-picture; web-share\" allowfullscreen><\/iframe><\/p>","protected":false},"excerpt":{"rendered":"","protected":false},"author":1,"featured_media":608,"parent":0,"menu_order":0,"comment_status":"closed","ping_status":"closed","template":"","meta":{"footnotes":""},"class_list":["post-628","page","type-page","status-publish","has-post-thumbnail","hentry"],"_links":{"self":[{"href":"https:\/\/udruga-impress.hr\/en\/wp-json\/wp\/v2\/pages\/628","targetHints":{"allow":["GET"]}}],"collection":[{"href":"https:\/\/udruga-impress.hr\/en\/wp-json\/wp\/v2\/pages"}],"about":[{"href":"https:\/\/udruga-impress.hr\/en\/wp-json\/wp\/v2\/types\/page"}],"author":[{"embeddable":true,"href":"https:\/\/udruga-impress.hr\/en\/wp-json\/wp\/v2\/users\/1"}],"replies":[{"embeddable":true,"href":"https:\/\/udruga-impress.hr\/en\/wp-json\/wp\/v2\/comments?post=628"}],"version-history":[{"count":3,"href":"https:\/\/udruga-impress.hr\/en\/wp-json\/wp\/v2\/pages\/628\/revisions"}],"predecessor-version":[{"id":750,"href":"https:\/\/udruga-impress.hr\/en\/wp-json\/wp\/v2\/pages\/628\/revisions\/750"}],"wp:featuredmedia":[{"embeddable":true,"href":"https:\/\/udruga-impress.hr\/en\/wp-json\/wp\/v2\/media\/608"}],"wp:attachment":[{"href":"https:\/\/udruga-impress.hr\/en\/wp-json\/wp\/v2\/media?parent=628"}],"curies":[{"name":"wp","href":"https:\/\/api.w.org\/{rel}","templated":true}]}}