{"id":844,"date":"2020-09-11T11:14:54","date_gmt":"2020-09-11T11:14:54","guid":{"rendered":"https:\/\/udruga-impress.hr\/?page_id=844"},"modified":"2020-09-14T08:03:37","modified_gmt":"2020-09-14T08:03:37","slug":"mentalno-zdravlje","status":"publish","type":"page","link":"https:\/\/udruga-impress.hr\/en\/mentalno-zdravlje\/","title":{"rendered":"Mentalno Zdravlje"},"content":{"rendered":"<h1 style=\"text-align: center;\"><strong>Mentalno zdravlje za vrijeme pandemije<\/strong><\/h1>\n<p><img decoding=\"async\" class=\"wp-image-838 aligncenter\" src=\"https:\/\/udruga-impress.hr\/wp-content\/uploads\/2020\/09\/Impress-Logo_Final_Yellow.png\" alt=\"\" width=\"191\" height=\"209\" \/><br \/>\n<img fetchpriority=\"high\" decoding=\"async\" class=\"alignnone wp-image-837 aligncenter\" src=\"https:\/\/udruga-impress.hr\/wp-content\/uploads\/2020\/09\/logo-za-tisak.png\" alt=\"\" width=\"509\" height=\"228\" \/><\/p>\n<p>&nbsp;<\/p>\n<p>&nbsp;<\/p>\n<p>&nbsp;<\/p>\n<h3 style=\"text-align: center;\"><strong>PRIDRU\u017dITE NAM SE:<\/strong><\/h3>\n<p style=\"text-align: center;\"><a href=\"http:\/\/facebook.com\/udruga.impress\">Facebook live stream<\/a><\/p>\n<p style=\"text-align: center;\"><a href=\"https:\/\/us02web.zoom.us\/j\/82588361873\">ZOOM link<\/a><\/p>\n<p>&nbsp;<\/p>\n<h3>POSLANI MATERIJALI UO\u010cI KONFERENCIJE:<\/h3>\n<p><strong>MINISTARSTVO ZDRAVSTVA I HRVATSKI ZAVOD ZA JAVNO ZDRAVSTVO<span class=\"apple-converted-space\">\u00a0<\/span><\/strong><\/p>\n<ul>\n<li><a href=\"https:\/\/udruga-impress.hr\/wp-content\/uploads\/2020\/09\/Prirucnik-Radim-na-sebi.pdf\">Priru\u010dnik za samopomo\u0107 i osna\u017eivanje &#8220;Radim na sebi&#8221;<\/a><\/li>\n<li><a href=\"https:\/\/udruga-impress.hr\/wp-content\/uploads\/2020\/09\/Preporuke-za-zastitu-mentalnog-zdravlja-u-krizi-Medix-supplement.pdf\">Preporuke za za\u0161titu mentalnog zdravlja<\/a><\/li>\n<\/ul>\n<p>&nbsp;<\/p>\n<p><img decoding=\"async\" class=\"alignnone size-full wp-image-856\" src=\"https:\/\/udruga-impress.hr\/wp-content\/uploads\/2020\/09\/2.jpeg\" alt=\"\" width=\"1131\" height=\"1600\" \/> <img loading=\"lazy\" decoding=\"async\" class=\"alignnone size-full wp-image-855\" src=\"https:\/\/udruga-impress.hr\/wp-content\/uploads\/2020\/09\/1.jpeg\" alt=\"\" width=\"1131\" height=\"1600\" \/><\/p>","protected":false},"excerpt":{"rendered":"<p>Mentalno zdravlje za vrijeme pandemije &nbsp; &nbsp; &nbsp; PRIDRU\u017dITE NAM SE: Facebook live stream ZOOM link &nbsp; POSLANI MATERIJALI UO\u010cI KONFERENCIJE: MINISTARSTVO ZDRAVSTVA I HRVATSKI ZAVOD ZA JAVNO ZDRAVSTVO\u00a0 Priru\u010dnik za samopomo\u0107 i osna\u017eivanje &#8220;Radim na sebi&#8221; Preporuke za za\u0161titu mentalnog zdravlja &nbsp;<\/p>","protected":false},"author":1,"featured_media":0,"parent":0,"menu_order":0,"comment_status":"closed","ping_status":"closed","template":"","meta":{"footnotes":""},"class_list":["post-844","page","type-page","status-publish","hentry"],"_links":{"self":[{"href":"https:\/\/udruga-impress.hr\/en\/wp-json\/wp\/v2\/pages\/844","targetHints":{"allow":["GET"]}}],"collection":[{"href":"https:\/\/udruga-impress.hr\/en\/wp-json\/wp\/v2\/pages"}],"about":[{"href":"https:\/\/udruga-impress.hr\/en\/wp-json\/wp\/v2\/types\/page"}],"author":[{"embeddable":true,"href":"https:\/\/udruga-impress.hr\/en\/wp-json\/wp\/v2\/users\/1"}],"replies":[{"embeddable":true,"href":"https:\/\/udruga-impress.hr\/en\/wp-json\/wp\/v2\/comments?post=844"}],"version-history":[{"count":11,"href":"https:\/\/udruga-impress.hr\/en\/wp-json\/wp\/v2\/pages\/844\/revisions"}],"predecessor-version":[{"id":860,"href":"https:\/\/udruga-impress.hr\/en\/wp-json\/wp\/v2\/pages\/844\/revisions\/860"}],"wp:attachment":[{"href":"https:\/\/udruga-impress.hr\/en\/wp-json\/wp\/v2\/media?parent=844"}],"curies":[{"name":"wp","href":"https:\/\/api.w.org\/{rel}","templated":true}]}}